{"id":6370,"date":"2025-07-18T09:00:59","date_gmt":"2025-07-18T09:00:59","guid":{"rendered":"https:\/\/www.vibol.be\/distributeur-worden\/"},"modified":"2026-03-12T08:07:03","modified_gmt":"2026-03-12T08:07:03","slug":"dystrybutor","status":"publish","type":"page","link":"https:\/\/www.vibol.be\/pl\/dystrybutor\/","title":{"rendered":"Dystrybutor\u00a0\u00a0"},"content":{"rendered":"\t\t<div data-elementor-type=\"wp-page\" data-elementor-id=\"6370\" class=\"elementor elementor-6370 elementor-1895\" data-elementor-post-type=\"page\">\n\t\t\t\t<div class=\"elementor-element elementor-element-a28f0a9 padding-wit e-flex e-con-boxed e-con e-parent\" data-id=\"a28f0a9\" data-element_type=\"container\" data-e-type=\"container\">\n\t\t\t\t\t<div class=\"e-con-inner\">\n\t\t\t\t<div class=\"elementor-element elementor-element-6ff0b74 elementor-widget__width-initial elementor-widget-tablet__width-inherit elementor-widget elementor-widget-heading\" data-id=\"6ff0b74\" data-element_type=\"widget\" data-e-type=\"widget\" data-widget_type=\"heading.default\">\n\t\t\t\t\t<h1 class=\"elementor-heading-title elementor-size-default\">Zosta\u0144 dystrybutorem Vibol <\/h1>\t\t\t\t<\/div>\n\t\t\t\t<div class=\"elementor-element elementor-element-0d8642e elementor-widget__width-initial elementor-widget-mobile__width-inherit elementor-invisible elementor-widget elementor-widget-text-editor\" data-id=\"0d8642e\" data-element_type=\"widget\" data-e-type=\"widget\" data-settings=\"{&quot;_animation&quot;:&quot;fadeInUp&quot;,&quot;_animation_delay&quot;:500}\" data-widget_type=\"text-editor.default\">\n\t\t\t\t\t\t\t\t\t<p><span class=\"TextRun SCXW231354555 BCX0\" lang=\"PL-PL\" xml:lang=\"PL-PL\" data-contrast=\"auto\"><span class=\"NormalTextRun SpellingErrorV2Themed SCXW231354555 BCX0\">Your<\/span><span class=\"NormalTextRun SCXW231354555 BCX0\">\u00a0<\/span><span class=\"NormalTextRun SpellingErrorV2Themed SCXW231354555 BCX0\">coach<\/span><span class=\"NormalTextRun SCXW231354555 BCX0\">\u00a0in\u00a0<\/span><span class=\"NormalTextRun SpellingErrorV2Themed SCXW231354555 BCX0\">coating<\/span><span class=\"NormalTextRun SCXW231354555 BCX0\">\u00a0\u2013 ale tylko z w\u0142a\u015bciwymi partnerami.<\/span><\/span><span class=\"EOP SCXW231354555 BCX0\" data-ccp-props=\"{}\">\u00a0<\/span><\/p>\t\t\t\t\t\t\t\t<\/div>\n\t\t\t\t\t<\/div>\n\t\t\t\t<\/div>\n\t\t<div class=\"elementor-element elementor-element-1387f3c e-flex e-con-boxed e-con e-parent\" data-id=\"1387f3c\" data-element_type=\"container\" data-e-type=\"container\">\n\t\t\t\t\t<div class=\"e-con-inner\">\n\t\t\t\t<div class=\"elementor-element elementor-element-6852893 elementor-invisible elementor-widget elementor-widget-image\" data-id=\"6852893\" data-element_type=\"widget\" data-e-type=\"widget\" data-settings=\"{&quot;_animation&quot;:&quot;fadeInUp&quot;,&quot;_animation_delay&quot;:500}\" data-widget_type=\"image.default\">\n\t\t\t\t\t\t\t\t\t\t\t\t\t\t\t<img fetchpriority=\"high\" decoding=\"async\" width=\"800\" height=\"534\" src=\"https:\/\/www.vibol.be\/wp-content\/uploads\/2025\/09\/Lowres-Vibol-WAL_1585-1024x683.jpg\" class=\"attachment-large size-large wp-image-6373\" alt=\"\" srcset=\"https:\/\/www.vibol.be\/wp-content\/uploads\/2025\/09\/Lowres-Vibol-WAL_1585-1024x683.jpg 1024w, https:\/\/www.vibol.be\/wp-content\/uploads\/2025\/09\/Lowres-Vibol-WAL_1585-300x200.jpg 300w, https:\/\/www.vibol.be\/wp-content\/uploads\/2025\/09\/Lowres-Vibol-WAL_1585-768x512.jpg 768w, https:\/\/www.vibol.be\/wp-content\/uploads\/2025\/09\/Lowres-Vibol-WAL_1585.jpg 1417w\" sizes=\"(max-width: 800px) 100vw, 800px\" \/>\t\t\t\t\t\t\t\t\t\t\t\t\t\t\t<\/div>\n\t\t\t\t<div class=\"elementor-element elementor-element-2e9f3e7 elementor-hidden-mobile elementor-invisible elementor-widget elementor-widget-image\" data-id=\"2e9f3e7\" data-element_type=\"widget\" data-e-type=\"widget\" data-settings=\"{&quot;_animation&quot;:&quot;fadeInUp&quot;}\" data-widget_type=\"image.default\">\n\t\t\t\t\t\t\t\t\t\t\t\t\t\t\t<img decoding=\"async\" width=\"800\" height=\"534\" src=\"https:\/\/www.vibol.be\/wp-content\/uploads\/2025\/09\/Lowres-Vibol-WAL_1490-1024x683.jpg\" class=\"attachment-large size-large wp-image-6372\" alt=\"\" srcset=\"https:\/\/www.vibol.be\/wp-content\/uploads\/2025\/09\/Lowres-Vibol-WAL_1490-1024x683.jpg 1024w, https:\/\/www.vibol.be\/wp-content\/uploads\/2025\/09\/Lowres-Vibol-WAL_1490-300x200.jpg 300w, https:\/\/www.vibol.be\/wp-content\/uploads\/2025\/09\/Lowres-Vibol-WAL_1490-768x512.jpg 768w, https:\/\/www.vibol.be\/wp-content\/uploads\/2025\/09\/Lowres-Vibol-WAL_1490.jpg 1417w\" sizes=\"(max-width: 800px) 100vw, 800px\" \/>\t\t\t\t\t\t\t\t\t\t\t\t\t\t\t<\/div>\n\t\t\t\t<div class=\"elementor-element elementor-element-6b417fa elementor-hidden-mobile elementor-invisible elementor-widget elementor-widget-image\" data-id=\"6b417fa\" data-element_type=\"widget\" data-e-type=\"widget\" data-settings=\"{&quot;_animation&quot;:&quot;fadeInUp&quot;,&quot;_animation_delay&quot;:1000}\" data-widget_type=\"image.default\">\n\t\t\t\t\t\t\t\t\t\t\t\t\t\t\t<img decoding=\"async\" width=\"800\" height=\"534\" src=\"https:\/\/www.vibol.be\/wp-content\/uploads\/2025\/09\/Lowres-Vibol-WAL_1441-1024x683.jpg\" class=\"attachment-large size-large wp-image-6371\" alt=\"\" srcset=\"https:\/\/www.vibol.be\/wp-content\/uploads\/2025\/09\/Lowres-Vibol-WAL_1441-1024x683.jpg 1024w, https:\/\/www.vibol.be\/wp-content\/uploads\/2025\/09\/Lowres-Vibol-WAL_1441-300x200.jpg 300w, https:\/\/www.vibol.be\/wp-content\/uploads\/2025\/09\/Lowres-Vibol-WAL_1441-768x512.jpg 768w, https:\/\/www.vibol.be\/wp-content\/uploads\/2025\/09\/Lowres-Vibol-WAL_1441.jpg 1417w\" sizes=\"(max-width: 800px) 100vw, 800px\" \/>\t\t\t\t\t\t\t\t\t\t\t\t\t\t\t<\/div>\n\t\t\t\t\t<\/div>\n\t\t\t\t<\/div>\n\t\t<div class=\"elementor-element elementor-element-6571dcb padding-wit e-flex e-con-boxed e-con e-parent\" data-id=\"6571dcb\" data-element_type=\"container\" data-e-type=\"container\">\n\t\t\t\t\t<div class=\"e-con-inner\">\n\t\t<div class=\"elementor-element elementor-element-8b28352 e-con-full e-flex e-con e-child\" data-id=\"8b28352\" data-element_type=\"container\" data-e-type=\"container\">\n\t\t\t\t<div class=\"elementor-element elementor-element-6da24b8 elementor-widget elementor-widget-heading\" data-id=\"6da24b8\" data-element_type=\"widget\" data-e-type=\"widget\" data-widget_type=\"heading.default\">\n\t\t\t\t\t<p class=\"elementor-heading-title elementor-size-default\">W Vibol realizujemy nasz\u0105 obietnic\u0119: jeste\u015bmy \u201eyour coach in coating\u201d. <\/p>\t\t\t\t<\/div>\n\t\t\t\t<\/div>\n\t\t<div class=\"elementor-element elementor-element-50bd057 e-con-full e-flex e-con e-child\" data-id=\"50bd057\" data-element_type=\"container\" data-e-type=\"container\">\n\t\t\t\t<div class=\"elementor-element elementor-element-5473c46 elementor-widget elementor-widget-text-editor\" data-id=\"5473c46\" data-element_type=\"widget\" data-e-type=\"widget\" data-widget_type=\"text-editor.default\">\n\t\t\t\t\t\t\t\t\t<p><span class=\"TextRun SCXW156743779 BCX0\" lang=\"PL-PL\" xml:lang=\"PL-PL\" data-contrast=\"auto\"><span class=\"NormalTextRun SCXW156743779 BCX0\">Ale \u017ceby naprawd\u0119 urzeczywistni\u0107 t\u0119 obietnic\u0119, potrzebujemy w\u0142a\u015bciwych partner\u00f3w \u2013 specjalist\u00f3w we w\u0142asnych regionach, kt\u00f3rzy podzielaj\u0105 nasz\u0105 ambicj\u0119 i zapa\u0142. Jeste\u015b specjalist\u0105, kt\u00f3rego szukamy?<\/span><\/span><span class=\"EOP SCXW156743779 BCX0\" data-ccp-props=\"{}\">\u00a0<\/span><\/p>\t\t\t\t\t\t\t\t<\/div>\n\t\t\t\t<\/div>\n\t\t<div class=\"elementor-element elementor-element-a05b28f e-con-full e-flex e-con e-child\" data-id=\"a05b28f\" data-element_type=\"container\" data-e-type=\"container\">\n\t\t\t\t<div class=\"elementor-element elementor-element-5f78e66 elementor-invisible elementor-widget elementor-widget-image\" data-id=\"5f78e66\" data-element_type=\"widget\" data-e-type=\"widget\" data-settings=\"{&quot;_animation&quot;:&quot;fadeInUp&quot;}\" data-widget_type=\"image.default\">\n\t\t\t\t\t\t\t\t\t\t\t\t\t\t\t<img loading=\"lazy\" decoding=\"async\" width=\"800\" height=\"534\" src=\"https:\/\/www.vibol.be\/wp-content\/uploads\/2025\/09\/Lowres-Vibol-WAL_1793-1024x683.jpg\" class=\"attachment-large size-large wp-image-6375\" alt=\"\" srcset=\"https:\/\/www.vibol.be\/wp-content\/uploads\/2025\/09\/Lowres-Vibol-WAL_1793-1024x683.jpg 1024w, https:\/\/www.vibol.be\/wp-content\/uploads\/2025\/09\/Lowres-Vibol-WAL_1793-300x200.jpg 300w, https:\/\/www.vibol.be\/wp-content\/uploads\/2025\/09\/Lowres-Vibol-WAL_1793-768x512.jpg 768w, https:\/\/www.vibol.be\/wp-content\/uploads\/2025\/09\/Lowres-Vibol-WAL_1793.jpg 1417w\" sizes=\"(max-width: 800px) 100vw, 800px\" \/>\t\t\t\t\t\t\t\t\t\t\t\t\t\t\t<\/div>\n\t\t\t\t<\/div>\n\t\t<div class=\"elementor-element elementor-element-f5ebea0 e-con-full e-flex e-con e-child\" data-id=\"f5ebea0\" data-element_type=\"container\" data-e-type=\"container\">\n\t\t\t\t<div class=\"elementor-element elementor-element-3151b4c elementor-widget elementor-widget-text-editor\" data-id=\"3151b4c\" data-element_type=\"widget\" data-e-type=\"widget\" data-widget_type=\"text-editor.default\">\n\t\t\t\t\t\t\t\t\t<p><b><span data-contrast=\"auto\">Jako dystrybutor firmy\u00a0Vibol\u00a0zyskujesz:<\/span><\/b><span data-ccp-props=\"{}\">\u00a0<\/span><\/p>\n<ul>\n<li aria-setsize=\"-1\" data-leveltext=\"\uf0b7\" data-font=\"Symbol\" data-listid=\"9\" data-list-defn-props=\"{&quot;335552541&quot;:1,&quot;335559685&quot;:720,&quot;335559991&quot;:360,&quot;469769226&quot;:&quot;Symbol&quot;,&quot;469769242&quot;:[8226],&quot;469777803&quot;:&quot;left&quot;,&quot;469777804&quot;:&quot;\uf0b7&quot;,&quot;469777815&quot;:&quot;hybridMultilevel&quot;}\" data-aria-posinset=\"3\" data-aria-level=\"1\"><span data-contrast=\"auto\">Gruntown\u0105 wiedz\u0119 o produktach i szkolenia skupione na praktyce<\/span><span data-ccp-props=\"{}\">\u00a0<\/span><\/li>\n<li aria-setsize=\"-1\" data-leveltext=\"\uf0b7\" data-font=\"Symbol\" data-listid=\"9\" data-list-defn-props=\"{&quot;335552541&quot;:1,&quot;335559685&quot;:720,&quot;335559991&quot;:360,&quot;469769226&quot;:&quot;Symbol&quot;,&quot;469769242&quot;:[8226],&quot;469777803&quot;:&quot;left&quot;,&quot;469777804&quot;:&quot;\uf0b7&quot;,&quot;469777815&quot;:&quot;hybridMultilevel&quot;}\" data-aria-posinset=\"3\" data-aria-level=\"1\"><span data-contrast=\"auto\">Inteligentne, szybkie wsparcie dopasowane do Twojego rynku<\/span><span data-ccp-props=\"{}\">\u00a0<\/span><\/li>\n<li aria-setsize=\"-1\" data-leveltext=\"\uf0b7\" data-font=\"Symbol\" data-listid=\"9\" data-list-defn-props=\"{&quot;335552541&quot;:1,&quot;335559685&quot;:720,&quot;335559991&quot;:360,&quot;469769226&quot;:&quot;Symbol&quot;,&quot;469769242&quot;:[8226],&quot;469777803&quot;:&quot;left&quot;,&quot;469777804&quot;:&quot;\uf0b7&quot;,&quot;469777815&quot;:&quot;hybridMultilevel&quot;}\" data-aria-posinset=\"3\" data-aria-level=\"1\"><span data-contrast=\"auto\">Siln\u0105 i godn\u0105 zaufania mark\u0119, kt\u00f3ra wzmocni Twoj\u0105 wiarygodno\u015b\u0107<\/span><span data-ccp-props=\"{}\">\u00a0<\/span><\/li>\n<li aria-setsize=\"-1\" data-leveltext=\"\uf0b7\" data-font=\"Symbol\" data-listid=\"9\" data-list-defn-props=\"{&quot;335552541&quot;:1,&quot;335559685&quot;:720,&quot;335559991&quot;:360,&quot;469769226&quot;:&quot;Symbol&quot;,&quot;469769242&quot;:[8226],&quot;469777803&quot;:&quot;left&quot;,&quot;469777804&quot;:&quot;\uf0b7&quot;,&quot;469777815&quot;:&quot;hybridMultilevel&quot;}\" data-aria-posinset=\"3\" data-aria-level=\"1\"><span data-contrast=\"auto\">Narz\u0119dzia wsp\u00f3lnego marketingu, aby przekona\u0107 klient\u00f3w<\/span><span data-ccp-props=\"{}\">\u00a0<\/span><\/li>\n<li aria-setsize=\"-1\" data-leveltext=\"\uf0b7\" data-font=\"Symbol\" data-listid=\"9\" data-list-defn-props=\"{&quot;335552541&quot;:1,&quot;335559685&quot;:720,&quot;335559991&quot;:360,&quot;469769226&quot;:&quot;Symbol&quot;,&quot;469769242&quot;:[8226],&quot;469777803&quot;:&quot;left&quot;,&quot;469777804&quot;:&quot;\uf0b7&quot;,&quot;469777815&quot;:&quot;hybridMultilevel&quot;}\" data-aria-posinset=\"3\" data-aria-level=\"1\"><span data-contrast=\"auto\">Prawdziw\u0105 wsp\u00f3\u0142prac\u0119 zbudowan\u0105 na zaufaniu i wsp\u00f3lnych celach<\/span><span data-ccp-props=\"{}\">\u00a0<\/span><\/li>\n<\/ul>\n<p><span data-contrast=\"auto\">Nie chcemy tylko sprzedawa\u0107 farb. Chcemy zbudowa\u0107 sie\u0107 ekspert\u00f3w, kt\u00f3rzy b\u0119d\u0105 kompetentnie i z pe\u0142nym przekonaniem doradza\u0107 klientom \u2013 i rozwija\u0107 si\u0119 razem z nami.<\/span><span data-ccp-props=\"{}\">\u00a0<\/span><\/p>\t\t\t\t\t\t\t\t<\/div>\n\t\t\t\t<\/div>\n\t\t\t\t\t<\/div>\n\t\t\t\t<\/div>\n\t\t<div class=\"elementor-element elementor-element-3a7c2d0 e-flex e-con-boxed elementor-invisible e-con e-parent\" data-id=\"3a7c2d0\" data-element_type=\"container\" data-e-type=\"container\" data-settings=\"{&quot;animation&quot;:&quot;fadeInUp&quot;}\">\n\t\t\t\t\t<div class=\"e-con-inner\">\n\t\t<div class=\"elementor-element elementor-element-327da80 e-con-full padding-blok e-flex e-con e-child\" data-id=\"327da80\" data-element_type=\"container\" data-e-type=\"container\" data-settings=\"{&quot;background_background&quot;:&quot;classic&quot;}\">\n\t\t<div class=\"elementor-element elementor-element-3824c14 e-con-full e-flex e-con e-child\" data-id=\"3824c14\" data-element_type=\"container\" data-e-type=\"container\">\n\t\t\t\t<div class=\"elementor-element elementor-element-e4b26b8 elementor-widget elementor-widget-heading\" data-id=\"e4b26b8\" data-element_type=\"widget\" data-e-type=\"widget\" data-widget_type=\"heading.default\">\n\t\t\t\t\t<h2 class=\"elementor-heading-title elementor-size-default\">Chcesz zosta\u0107 naszym specjalist\u0105 na swoim rynku? <\/h2>\t\t\t\t<\/div>\n\t\t\t\t<div class=\"elementor-element elementor-element-30beb45 elementor-widget elementor-widget-text-editor\" data-id=\"30beb45\" data-element_type=\"widget\" data-e-type=\"widget\" data-widget_type=\"text-editor.default\">\n\t\t\t\t\t\t\t\t\t<p><strong><span class=\"TextRun SCXW73847982 BCX0\" lang=\"PL-PL\" xml:lang=\"PL-PL\" data-contrast=\"auto\"><span class=\"NormalTextRun SCXW73847982 BCX0\">Ch\u0119tnie Ci\u0119 poznamy.<\/span><\/span><span class=\"EOP SCXW73847982 BCX0\" data-ccp-props=\"{}\">\u00a0<\/span><\/strong><br \/>sales@vibol.be<br \/>+32 56 321 521<\/p>\t\t\t\t\t\t\t\t<\/div>\n\t\t\t\t<\/div>\n\t\t<div class=\"elementor-element elementor-element-883e6e9 e-con-full e-flex e-con e-child\" data-id=\"883e6e9\" data-element_type=\"container\" data-e-type=\"container\">\n\t\t\t\t<div class=\"elementor-element elementor-element-f1277e3 elementor-widget elementor-widget-html\" data-id=\"f1277e3\" data-element_type=\"widget\" data-e-type=\"widget\" data-widget_type=\"html.default\">\n\t\t\t\t\t<script charset=\"utf-8\" type=\"text\/javascript\" src=\"\/\/js-eu1.hsforms.net\/forms\/embed\/v2.js\"><\/script>\n<script>\n  hbspt.forms.create({\n    portalId: \"146430137\",\n    formId: \"1d1311c5-e168-4d60-a818-242cc4c203ba\",\n    region: \"eu1\"\n  });\n<\/script>\t\t\t\t<\/div>\n\t\t\t\t<\/div>\n\t\t\t\t<\/div>\n\t\t\t\t\t<\/div>\n\t\t\t\t<\/div>\n\t\t\t\t<\/div>\n\t\t","protected":false},"excerpt":{"rendered":"<p>Zosta\u0144 dystrybutorem Vibol Your\u00a0coach\u00a0in\u00a0coating\u00a0\u2013 ale tylko z w\u0142a\u015bciwymi partnerami.\u00a0 W Vibol realizujemy nasz\u0105 obietnic\u0119: jeste\u015bmy \u201eyour coach in coating\u201d. Ale \u017ceby naprawd\u0119 urzeczywistni\u0107 t\u0119 obietnic\u0119, potrzebujemy w\u0142a\u015bciwych partner\u00f3w \u2013 specjalist\u00f3w we w\u0142asnych regionach, kt\u00f3rzy podzielaj\u0105 nasz\u0105 ambicj\u0119 i zapa\u0142. Jeste\u015b specjalist\u0105, kt\u00f3rego szukamy?\u00a0 Jako dystrybutor firmy\u00a0Vibol\u00a0zyskujesz:\u00a0 Gruntown\u0105 wiedz\u0119 o produktach i szkolenia skupione na praktyce\u00a0 [&hellip;]<\/p>\n","protected":false},"author":1,"featured_media":0,"parent":0,"menu_order":0,"comment_status":"closed","ping_status":"closed","template":"","meta":{"_acf_changed":false,"footnotes":""},"class_list":["post-6370","page","type-page","status-publish","hentry"],"acf":[],"_links":{"self":[{"href":"https:\/\/www.vibol.be\/pl\/wp-json\/wp\/v2\/pages\/6370","targetHints":{"allow":["GET"]}}],"collection":[{"href":"https:\/\/www.vibol.be\/pl\/wp-json\/wp\/v2\/pages"}],"about":[{"href":"https:\/\/www.vibol.be\/pl\/wp-json\/wp\/v2\/types\/page"}],"author":[{"embeddable":true,"href":"https:\/\/www.vibol.be\/pl\/wp-json\/wp\/v2\/users\/1"}],"replies":[{"embeddable":true,"href":"https:\/\/www.vibol.be\/pl\/wp-json\/wp\/v2\/comments?post=6370"}],"version-history":[{"count":16,"href":"https:\/\/www.vibol.be\/pl\/wp-json\/wp\/v2\/pages\/6370\/revisions"}],"predecessor-version":[{"id":6671,"href":"https:\/\/www.vibol.be\/pl\/wp-json\/wp\/v2\/pages\/6370\/revisions\/6671"}],"wp:attachment":[{"href":"https:\/\/www.vibol.be\/pl\/wp-json\/wp\/v2\/media?parent=6370"}],"curies":[{"name":"wp","href":"https:\/\/api.w.org\/{rel}","templated":true}]}}