{"id":5955,"date":"2025-07-18T11:39:56","date_gmt":"2025-07-18T11:39:56","guid":{"rendered":"https:\/\/www.vibol.be\/cookiepolicy\/"},"modified":"2025-11-03T09:05:05","modified_gmt":"2025-11-03T09:05:05","slug":"politique-de-cookies","status":"publish","type":"page","link":"https:\/\/www.vibol.be\/fr\/politique-de-cookies\/","title":{"rendered":"Politique de cookies"},"content":{"rendered":"\t\t<div data-elementor-type=\"wp-page\" data-elementor-id=\"5955\" class=\"elementor elementor-5955 elementor-2121\" data-elementor-post-type=\"page\">\n\t\t\t\t<div class=\"elementor-element elementor-element-3cd278a padding-wit e-flex e-con-boxed e-con e-parent\" data-id=\"3cd278a\" data-element_type=\"container\" data-e-type=\"container\">\n\t\t\t\t\t<div class=\"e-con-inner\">\n\t\t\t\t<div class=\"elementor-element elementor-element-60fdc9c elementor-widget elementor-widget-heading\" data-id=\"60fdc9c\" data-element_type=\"widget\" data-e-type=\"widget\" data-widget_type=\"heading.default\">\n\t\t\t\t\t<h1 class=\"elementor-heading-title elementor-size-default\">Politique de cookies<\/h1>\t\t\t\t<\/div>\n\t\t\t\t<div class=\"elementor-element elementor-element-dd0ab40 elementor-widget elementor-widget-text-editor\" data-id=\"dd0ab40\" data-element_type=\"widget\" data-e-type=\"widget\" data-widget_type=\"text-editor.default\">\n\t\t\t\t\t\t\t\t\t<p data-start=\"111\" data-end=\"235\"><strong data-start=\"111\" data-end=\"233\">Lors de votre visite sur notre site web, des cookies peuvent \u00eatre d\u00e9pos\u00e9s afin d\u2019optimiser l\u2019exp\u00e9rience des visiteurs.<\/strong><\/p><p data-start=\"237\" data-end=\"380\"><strong data-start=\"237\" data-end=\"265\">Qu\u2019est-ce qu\u2019un cookie ?<\/strong><br data-start=\"265\" data-end=\"268\" \/>Les cookies sont de petits fichiers texte qui stockent des informations sur votre appareil. Ils peuvent \u00eatre :<\/p><ul data-start=\"381\" data-end=\"525\"><li data-start=\"381\" data-end=\"415\"><p data-start=\"383\" data-end=\"415\"><strong data-start=\"383\" data-end=\"412\">techniquement n\u00e9cessaires<\/strong>,<\/p><\/li><li data-start=\"416\" data-end=\"457\"><p data-start=\"418\" data-end=\"457\"><strong data-start=\"418\" data-end=\"433\">temporaires<\/strong> (cookies de session),<\/p><\/li><li data-start=\"458\" data-end=\"525\"><p data-start=\"460\" data-end=\"525\">ou utilis\u00e9s pour <strong data-start=\"477\" data-end=\"503\">analyser la navigation<\/strong> (cookies de suivi).<\/p><\/li><\/ul><p data-start=\"527\" data-end=\"654\">Votre navigateur vous permet de g\u00e9rer les cookies. Consultez la fonction d\u2019aide de votre navigateur pour plus d\u2019informations.<\/p><p data-start=\"656\" data-end=\"692\"><strong data-start=\"656\" data-end=\"690\">Quels cookies utilisons-nous ?<\/strong><\/p><ul data-start=\"693\" data-end=\"874\"><li data-start=\"693\" data-end=\"766\"><p data-start=\"695\" data-end=\"766\"><strong data-start=\"695\" data-end=\"721\">Cookies fonctionnels :<\/strong> n\u00e9cessaires au bon fonctionnement du site.<\/p><\/li><li data-start=\"767\" data-end=\"874\"><p data-start=\"769\" data-end=\"874\"><strong data-start=\"769\" data-end=\"807\">Cookies analytiques et marketing :<\/strong> uniquement avec votre consentement via notre bandeau de cookies.<\/p><\/li><\/ul><p data-start=\"876\" data-end=\"1223\"><strong data-start=\"876\" data-end=\"897\">G\u00e9rer les cookies<\/strong><br data-start=\"897\" data-end=\"900\" \/>Lors de votre premi\u00e8re visite, vous avez la possibilit\u00e9 d\u2019accepter ou de refuser les cookies par cat\u00e9gorie. Vous pouvez modifier vos pr\u00e9f\u00e9rences \u00e0 tout moment via votre navigateur ou notre bandeau de cookies. Pour plus d\u2019informations sur la gestion des cookies : <a class=\"decorated-link\" href=\"http:\/\/www.aboutcookies.org\" target=\"_new\" rel=\"noopener\" data-start=\"1163\" data-end=\"1221\">http:\/\/www.aboutcookies.org<\/a><\/p><p data-start=\"1225\" data-end=\"1282\"><strong data-start=\"1225\" data-end=\"1280\">Comment activer les cookies dans votre navigateur ?<\/strong><\/p><ul data-start=\"1283\" data-end=\"1517\"><li data-start=\"1283\" data-end=\"1354\"><p data-start=\"1285\" data-end=\"1354\"><strong data-start=\"1285\" data-end=\"1308\">Internet Explorer :<\/strong> Outils &gt; Options Internet &gt; Confidentialit\u00e9<\/p><\/li><li data-start=\"1355\" data-end=\"1405\"><p data-start=\"1357\" data-end=\"1405\"><strong data-start=\"1357\" data-end=\"1370\">Firefox :<\/strong> Menu &gt; Options &gt; Confidentialit\u00e9<\/p><\/li><li data-start=\"1406\" data-end=\"1470\"><p data-start=\"1408\" data-end=\"1470\"><strong data-start=\"1408\" data-end=\"1420\">Chrome :<\/strong> Menu &gt; Param\u00e8tres &gt; Confidentialit\u00e9 et s\u00e9curit\u00e9<\/p><\/li><li data-start=\"1471\" data-end=\"1517\"><p data-start=\"1473\" data-end=\"1517\"><strong data-start=\"1473\" data-end=\"1485\">Safari :<\/strong> Pr\u00e9f\u00e9rences &gt; Confidentialit\u00e9<\/p><\/li><\/ul>\t\t\t\t\t\t\t\t<\/div>\n\t\t\t\t<div class=\"elementor-element elementor-element-320f3be elementor-widget elementor-widget-heading\" data-id=\"320f3be\" data-element_type=\"widget\" data-e-type=\"widget\" data-widget_type=\"heading.default\">\n\t\t\t\t\t<h2 class=\"elementor-heading-title elementor-size-default\">Cookie Disclaimer<\/h2>\t\t\t\t<\/div>\n\t\t\t\t<div class=\"elementor-element elementor-element-cdf8245 elementor-widget elementor-widget-html\" data-id=\"cdf8245\" data-element_type=\"widget\" data-e-type=\"widget\" data-widget_type=\"html.default\">\n\t\t\t\t\t<script id=\"CookieDeclaration\" src=\"https:\/\/consent.cookiebot.com\/25569549-285f-4ed8-b265-8c64ec4c054c\/cd.js\" type=\"text\/javascript\" async><\/script>\t\t\t\t<\/div>\n\t\t\t\t\t<\/div>\n\t\t\t\t<\/div>\n\t\t\t\t<\/div>\n\t\t","protected":false},"excerpt":{"rendered":"<p>Politique de cookies Lors de votre visite sur notre site web, des cookies peuvent \u00eatre d\u00e9pos\u00e9s afin d\u2019optimiser l\u2019exp\u00e9rience des visiteurs. Qu\u2019est-ce qu\u2019un cookie ?Les cookies sont de petits fichiers texte qui stockent des informations sur votre appareil. Ils peuvent \u00eatre : techniquement n\u00e9cessaires, temporaires (cookies de session), ou utilis\u00e9s pour analyser la navigation (cookies [&hellip;]<\/p>\n","protected":false},"author":1,"featured_media":0,"parent":0,"menu_order":0,"comment_status":"closed","ping_status":"closed","template":"","meta":{"_acf_changed":false,"footnotes":""},"class_list":["post-5955","page","type-page","status-publish","hentry"],"acf":[],"_links":{"self":[{"href":"https:\/\/www.vibol.be\/fr\/wp-json\/wp\/v2\/pages\/5955","targetHints":{"allow":["GET"]}}],"collection":[{"href":"https:\/\/www.vibol.be\/fr\/wp-json\/wp\/v2\/pages"}],"about":[{"href":"https:\/\/www.vibol.be\/fr\/wp-json\/wp\/v2\/types\/page"}],"author":[{"embeddable":true,"href":"https:\/\/www.vibol.be\/fr\/wp-json\/wp\/v2\/users\/1"}],"replies":[{"embeddable":true,"href":"https:\/\/www.vibol.be\/fr\/wp-json\/wp\/v2\/comments?post=5955"}],"version-history":[{"count":5,"href":"https:\/\/www.vibol.be\/fr\/wp-json\/wp\/v2\/pages\/5955\/revisions"}],"predecessor-version":[{"id":5961,"href":"https:\/\/www.vibol.be\/fr\/wp-json\/wp\/v2\/pages\/5955\/revisions\/5961"}],"wp:attachment":[{"href":"https:\/\/www.vibol.be\/fr\/wp-json\/wp\/v2\/media?parent=5955"}],"curies":[{"name":"wp","href":"https:\/\/api.w.org\/{rel}","templated":true}]}}