{"id":5861,"date":"2025-07-18T09:00:59","date_gmt":"2025-07-18T09:00:59","guid":{"rendered":"https:\/\/www.vibol.be\/distributeur-worden\/"},"modified":"2025-11-03T10:58:07","modified_gmt":"2025-11-03T10:58:07","slug":"distributeur","status":"publish","type":"page","link":"https:\/\/www.vibol.be\/fr\/distributeur\/","title":{"rendered":"Distributeur"},"content":{"rendered":"\t\t<div data-elementor-type=\"wp-page\" data-elementor-id=\"5861\" class=\"elementor elementor-5861 elementor-1895\" data-elementor-post-type=\"page\">\n\t\t\t\t<div class=\"elementor-element elementor-element-a28f0a9 padding-wit e-flex e-con-boxed e-con e-parent\" data-id=\"a28f0a9\" data-element_type=\"container\" data-e-type=\"container\">\n\t\t\t\t\t<div class=\"e-con-inner\">\n\t\t\t\t<div class=\"elementor-element elementor-element-6ff0b74 elementor-widget__width-initial elementor-widget-tablet__width-inherit elementor-widget elementor-widget-heading\" data-id=\"6ff0b74\" data-element_type=\"widget\" data-e-type=\"widget\" data-widget_type=\"heading.default\">\n\t\t\t\t\t<h1 class=\"elementor-heading-title elementor-size-default\">Devenez distributeur Vibol<\/h1>\t\t\t\t<\/div>\n\t\t\t\t<div class=\"elementor-element elementor-element-0d8642e elementor-widget__width-initial elementor-widget-mobile__width-inherit elementor-invisible elementor-widget elementor-widget-text-editor\" data-id=\"0d8642e\" data-element_type=\"widget\" data-e-type=\"widget\" data-settings=\"{&quot;_animation&quot;:&quot;fadeInUp&quot;,&quot;_animation_delay&quot;:500}\" data-widget_type=\"text-editor.default\">\n\t\t\t\t\t\t\t\t\t<p>Your coach in coating \u2013 mais pour cela, nous devons pouvoir compter sur des co-pilotes qualifi\u00e9s.<\/p>\t\t\t\t\t\t\t\t<\/div>\n\t\t\t\t\t<\/div>\n\t\t\t\t<\/div>\n\t\t<div class=\"elementor-element elementor-element-1387f3c e-flex e-con-boxed e-con e-parent\" data-id=\"1387f3c\" data-element_type=\"container\" data-e-type=\"container\">\n\t\t\t\t\t<div class=\"e-con-inner\">\n\t\t\t\t<div class=\"elementor-element elementor-element-6852893 elementor-invisible elementor-widget elementor-widget-image\" data-id=\"6852893\" data-element_type=\"widget\" data-e-type=\"widget\" data-settings=\"{&quot;_animation&quot;:&quot;fadeInUp&quot;,&quot;_animation_delay&quot;:500}\" data-widget_type=\"image.default\">\n\t\t\t\t\t\t\t\t\t\t\t\t\t\t\t<img fetchpriority=\"high\" decoding=\"async\" width=\"800\" height=\"534\" src=\"https:\/\/www.vibol.be\/wp-content\/uploads\/2025\/09\/Lowres-Vibol-WAL_1585-1024x683.jpg\" class=\"attachment-large size-large wp-image-5864\" alt=\"\" srcset=\"https:\/\/www.vibol.be\/wp-content\/uploads\/2025\/09\/Lowres-Vibol-WAL_1585-1024x683.jpg 1024w, https:\/\/www.vibol.be\/wp-content\/uploads\/2025\/09\/Lowres-Vibol-WAL_1585-300x200.jpg 300w, https:\/\/www.vibol.be\/wp-content\/uploads\/2025\/09\/Lowres-Vibol-WAL_1585-768x512.jpg 768w, https:\/\/www.vibol.be\/wp-content\/uploads\/2025\/09\/Lowres-Vibol-WAL_1585.jpg 1417w\" sizes=\"(max-width: 800px) 100vw, 800px\" \/>\t\t\t\t\t\t\t\t\t\t\t\t\t\t\t<\/div>\n\t\t\t\t<div class=\"elementor-element elementor-element-2e9f3e7 elementor-hidden-mobile elementor-invisible elementor-widget elementor-widget-image\" data-id=\"2e9f3e7\" data-element_type=\"widget\" data-e-type=\"widget\" data-settings=\"{&quot;_animation&quot;:&quot;fadeInUp&quot;}\" data-widget_type=\"image.default\">\n\t\t\t\t\t\t\t\t\t\t\t\t\t\t\t<img decoding=\"async\" width=\"800\" height=\"534\" src=\"https:\/\/www.vibol.be\/wp-content\/uploads\/2025\/09\/Lowres-Vibol-WAL_1490-1024x683.jpg\" class=\"attachment-large size-large wp-image-5863\" alt=\"\" srcset=\"https:\/\/www.vibol.be\/wp-content\/uploads\/2025\/09\/Lowres-Vibol-WAL_1490-1024x683.jpg 1024w, https:\/\/www.vibol.be\/wp-content\/uploads\/2025\/09\/Lowres-Vibol-WAL_1490-300x200.jpg 300w, https:\/\/www.vibol.be\/wp-content\/uploads\/2025\/09\/Lowres-Vibol-WAL_1490-768x512.jpg 768w, https:\/\/www.vibol.be\/wp-content\/uploads\/2025\/09\/Lowres-Vibol-WAL_1490.jpg 1417w\" sizes=\"(max-width: 800px) 100vw, 800px\" \/>\t\t\t\t\t\t\t\t\t\t\t\t\t\t\t<\/div>\n\t\t\t\t<div class=\"elementor-element elementor-element-6b417fa elementor-hidden-mobile elementor-invisible elementor-widget elementor-widget-image\" data-id=\"6b417fa\" data-element_type=\"widget\" data-e-type=\"widget\" data-settings=\"{&quot;_animation&quot;:&quot;fadeInUp&quot;,&quot;_animation_delay&quot;:1000}\" data-widget_type=\"image.default\">\n\t\t\t\t\t\t\t\t\t\t\t\t\t\t\t<img decoding=\"async\" width=\"800\" height=\"534\" src=\"https:\/\/www.vibol.be\/wp-content\/uploads\/2025\/09\/Lowres-Vibol-WAL_1441-1024x683.jpg\" class=\"attachment-large size-large wp-image-5862\" alt=\"\" srcset=\"https:\/\/www.vibol.be\/wp-content\/uploads\/2025\/09\/Lowres-Vibol-WAL_1441-1024x683.jpg 1024w, https:\/\/www.vibol.be\/wp-content\/uploads\/2025\/09\/Lowres-Vibol-WAL_1441-300x200.jpg 300w, https:\/\/www.vibol.be\/wp-content\/uploads\/2025\/09\/Lowres-Vibol-WAL_1441-768x512.jpg 768w, https:\/\/www.vibol.be\/wp-content\/uploads\/2025\/09\/Lowres-Vibol-WAL_1441.jpg 1417w\" sizes=\"(max-width: 800px) 100vw, 800px\" \/>\t\t\t\t\t\t\t\t\t\t\t\t\t\t\t<\/div>\n\t\t\t\t\t<\/div>\n\t\t\t\t<\/div>\n\t\t<div class=\"elementor-element elementor-element-6571dcb padding-wit e-flex e-con-boxed e-con e-parent\" data-id=\"6571dcb\" data-element_type=\"container\" data-e-type=\"container\">\n\t\t\t\t\t<div class=\"e-con-inner\">\n\t\t<div class=\"elementor-element elementor-element-8b28352 e-con-full e-flex e-con e-child\" data-id=\"8b28352\" data-element_type=\"container\" data-e-type=\"container\">\n\t\t\t\t<div class=\"elementor-element elementor-element-6da24b8 elementor-widget elementor-widget-heading\" data-id=\"6da24b8\" data-element_type=\"widget\" data-e-type=\"widget\" data-widget_type=\"heading.default\">\n\t\t\t\t\t<p class=\"elementor-heading-title elementor-size-default\">Chez Vibol, nous tenons notre promesse : Your coach in coating.<\/p>\t\t\t\t<\/div>\n\t\t\t\t<\/div>\n\t\t<div class=\"elementor-element elementor-element-50bd057 e-con-full e-flex e-con e-child\" data-id=\"50bd057\" data-element_type=\"container\" data-e-type=\"container\">\n\t\t\t\t<div class=\"elementor-element elementor-element-5473c46 elementor-widget elementor-widget-text-editor\" data-id=\"5473c46\" data-element_type=\"widget\" data-e-type=\"widget\" data-widget_type=\"text-editor.default\">\n\t\t\t\t\t\t\t\t\t<p>Mais pour la r\u00e9aliser pleinement, nous avons besoin des bons partenaires \u2013 des coachs r\u00e9gionaux qui partagent notre ambition et nos valeurs. \u00cates-vous le coach que nous recherchons ?<\/p>\t\t\t\t\t\t\t\t<\/div>\n\t\t\t\t<\/div>\n\t\t<div class=\"elementor-element elementor-element-a05b28f e-con-full e-flex e-con e-child\" data-id=\"a05b28f\" data-element_type=\"container\" data-e-type=\"container\">\n\t\t\t\t<div class=\"elementor-element elementor-element-5f78e66 elementor-invisible elementor-widget elementor-widget-image\" data-id=\"5f78e66\" data-element_type=\"widget\" data-e-type=\"widget\" data-settings=\"{&quot;_animation&quot;:&quot;fadeInUp&quot;}\" data-widget_type=\"image.default\">\n\t\t\t\t\t\t\t\t\t\t\t\t\t\t\t<img loading=\"lazy\" decoding=\"async\" width=\"800\" height=\"534\" src=\"https:\/\/www.vibol.be\/wp-content\/uploads\/2025\/09\/Lowres-Vibol-WAL_1793-1024x683.jpg\" class=\"attachment-large size-large wp-image-5866\" alt=\"\" srcset=\"https:\/\/www.vibol.be\/wp-content\/uploads\/2025\/09\/Lowres-Vibol-WAL_1793-1024x683.jpg 1024w, https:\/\/www.vibol.be\/wp-content\/uploads\/2025\/09\/Lowres-Vibol-WAL_1793-300x200.jpg 300w, https:\/\/www.vibol.be\/wp-content\/uploads\/2025\/09\/Lowres-Vibol-WAL_1793-768x512.jpg 768w, https:\/\/www.vibol.be\/wp-content\/uploads\/2025\/09\/Lowres-Vibol-WAL_1793.jpg 1417w\" sizes=\"(max-width: 800px) 100vw, 800px\" \/>\t\t\t\t\t\t\t\t\t\t\t\t\t\t\t<\/div>\n\t\t\t\t<\/div>\n\t\t<div class=\"elementor-element elementor-element-f5ebea0 e-con-full e-flex e-con e-child\" data-id=\"f5ebea0\" data-element_type=\"container\" data-e-type=\"container\">\n\t\t\t\t<div class=\"elementor-element elementor-element-3151b4c elementor-widget elementor-widget-text-editor\" data-id=\"3151b4c\" data-element_type=\"widget\" data-e-type=\"widget\" data-widget_type=\"text-editor.default\">\n\t\t\t\t\t\t\t\t\t<p><strong>En tant que distributeur Vibol, vous pourrez vous appuyer sur :<\/strong><\/p><ul><li>Une connaissance approfondie des produits et des formations pratiques<\/li><li>Un soutien rapide et intelligent, adapt\u00e9 \u00e0 votre march\u00e9<\/li><li>Une marque solide et fiable pour renforcer votre cr\u00e9dibilit\u00e9<\/li><li>Des outils de co-marketing pour convaincre vos clients<\/li><li>Une v\u00e9ritable collaboration, fond\u00e9e sur la confiance et des objectifs partag\u00e9s<\/li><\/ul><p>Nous ne voulons pas simplement vendre des rev\u00eatements industriels. Nous voulons construire un r\u00e9seau d\u2019experts capables de conseiller leurs clients avec comp\u00e9tence et confiance \u2013 et de grandir ensemble avec nous.<\/p>\t\t\t\t\t\t\t\t<\/div>\n\t\t\t\t<\/div>\n\t\t\t\t\t<\/div>\n\t\t\t\t<\/div>\n\t\t<div class=\"elementor-element elementor-element-3a7c2d0 e-flex e-con-boxed elementor-invisible e-con e-parent\" data-id=\"3a7c2d0\" data-element_type=\"container\" data-e-type=\"container\" data-settings=\"{&quot;animation&quot;:&quot;fadeInUp&quot;}\">\n\t\t\t\t\t<div class=\"e-con-inner\">\n\t\t<div class=\"elementor-element elementor-element-327da80 e-con-full padding-blok e-flex e-con e-child\" data-id=\"327da80\" data-element_type=\"container\" data-e-type=\"container\" data-settings=\"{&quot;background_background&quot;:&quot;classic&quot;}\">\n\t\t<div class=\"elementor-element elementor-element-3824c14 e-con-full e-flex e-con e-child\" data-id=\"3824c14\" data-element_type=\"container\" data-e-type=\"container\">\n\t\t\t\t<div class=\"elementor-element elementor-element-e4b26b8 elementor-widget elementor-widget-heading\" data-id=\"e4b26b8\" data-element_type=\"widget\" data-e-type=\"widget\" data-widget_type=\"heading.default\">\n\t\t\t\t\t<h2 class=\"elementor-heading-title elementor-size-default\">Pr\u00eat \u00e0 devenir le coach de votre march\u00e9 ?<\/h2>\t\t\t\t<\/div>\n\t\t\t\t<div class=\"elementor-element elementor-element-30beb45 elementor-widget elementor-widget-text-editor\" data-id=\"30beb45\" data-element_type=\"widget\" data-e-type=\"widget\" data-widget_type=\"text-editor.default\">\n\t\t\t\t\t\t\t\t\t<p><strong>Nous serions ravis de faire votre connaissance.<\/strong><\/p><p>sales@vibol.be<br \/>+32 56 321 521<\/p>\t\t\t\t\t\t\t\t<\/div>\n\t\t\t\t<\/div>\n\t\t<div class=\"elementor-element elementor-element-883e6e9 e-con-full e-flex e-con e-child\" data-id=\"883e6e9\" data-element_type=\"container\" data-e-type=\"container\">\n\t\t\t\t<div class=\"elementor-element elementor-element-f1277e3 elementor-widget elementor-widget-html\" data-id=\"f1277e3\" data-element_type=\"widget\" data-e-type=\"widget\" data-widget_type=\"html.default\">\n\t\t\t\t\t<script charset=\"utf-8\" type=\"text\/javascript\" src=\"\/\/js-eu1.hsforms.net\/forms\/embed\/v2.js\"><\/script>\n<script>\n  hbspt.forms.create({\n    portalId: \"146430137\",\n    formId: \"81b71ef5-ee17-4bdf-a863-02d0d29318d4\",\n    region: \"eu1\"\n  });\n<\/script>\t\t\t\t<\/div>\n\t\t\t\t<\/div>\n\t\t\t\t<\/div>\n\t\t\t\t\t<\/div>\n\t\t\t\t<\/div>\n\t\t\t\t<\/div>\n\t\t","protected":false},"excerpt":{"rendered":"<p>Devenez distributeur Vibol Your coach in coating \u2013 mais pour cela, nous devons pouvoir compter sur des co-pilotes qualifi\u00e9s. Chez Vibol, nous tenons notre promesse : Your coach in coating. Mais pour la r\u00e9aliser pleinement, nous avons besoin des bons partenaires \u2013 des coachs r\u00e9gionaux qui partagent notre ambition et nos valeurs. \u00cates-vous le coach [&hellip;]<\/p>\n","protected":false},"author":1,"featured_media":0,"parent":0,"menu_order":0,"comment_status":"closed","ping_status":"closed","template":"","meta":{"_acf_changed":false,"footnotes":""},"class_list":["post-5861","page","type-page","status-publish","hentry"],"acf":[],"_links":{"self":[{"href":"https:\/\/www.vibol.be\/fr\/wp-json\/wp\/v2\/pages\/5861","targetHints":{"allow":["GET"]}}],"collection":[{"href":"https:\/\/www.vibol.be\/fr\/wp-json\/wp\/v2\/pages"}],"about":[{"href":"https:\/\/www.vibol.be\/fr\/wp-json\/wp\/v2\/types\/page"}],"author":[{"embeddable":true,"href":"https:\/\/www.vibol.be\/fr\/wp-json\/wp\/v2\/users\/1"}],"replies":[{"embeddable":true,"href":"https:\/\/www.vibol.be\/fr\/wp-json\/wp\/v2\/comments?post=5861"}],"version-history":[{"count":13,"href":"https:\/\/www.vibol.be\/fr\/wp-json\/wp\/v2\/pages\/5861\/revisions"}],"predecessor-version":[{"id":6049,"href":"https:\/\/www.vibol.be\/fr\/wp-json\/wp\/v2\/pages\/5861\/revisions\/6049"}],"wp:attachment":[{"href":"https:\/\/www.vibol.be\/fr\/wp-json\/wp\/v2\/media?parent=5861"}],"curies":[{"name":"wp","href":"https:\/\/api.w.org\/{rel}","templated":true}]}}